{"id":1382,"date":"2017-04-29T23:18:05","date_gmt":"2017-04-29T23:18:05","guid":{"rendered":"http:\/\/amoveomundi.wpengine.com\/inicio\/"},"modified":"2017-07-12T23:17:45","modified_gmt":"2017-07-12T23:17:45","slug":"inicio","status":"publish","type":"page","link":"https:\/\/amoveomundi.org\/es\/","title":{"rendered":"INICIO"},"content":{"rendered":"<p>[et_pb_section bb_built=&#8221;1&#8243; fullwidth=&#8221;on&#8221; specialty=&#8221;off&#8221;][et_pb_fullwidth_slider show_arrows=&#8221;on&#8221; show_pagination=&#8221;on&#8221; auto=&#8221;on&#8221; auto_ignore_hover=&#8221;on&#8221; parallax=&#8221;on&#8221; parallax_method=&#8221;off&#8221; remove_inner_shadow=&#8221;on&#8221; background_position=&#8221;default&#8221; background_size=&#8221;default&#8221; hide_content_on_mobile=&#8221;off&#8221; hide_cta_on_mobile=&#8221;off&#8221; show_image_video_mobile=&#8221;off&#8221; custom_button=&#8221;off&#8221; button_letter_spacing=&#8221;0&#8243; button_use_icon=&#8221;default&#8221; button_icon_placement=&#8221;right&#8221; button_on_hover=&#8221;on&#8221; button_letter_spacing_hover=&#8221;0&#8243; auto_speed=&#8221;3800&#8243; top_padding=&#8221;180px&#8221; bottom_padding=&#8221;220px&#8221;] [et_pb_slide heading=&#8221;EL MUNDO EST\u00c1 CAMBIANDO. \u00bfEN QU\u00c9 SE VA A CONVERTIR?&#8221; background_position=&#8221;bottom_center&#8221; background_size=&#8221;cover&#8221; background_color=&#8221;#ffffff&#8221; use_bg_overlay=&#8221;on&#8221; use_text_overlay=&#8221;off&#8221; alignment=&#8221;center&#8221; background_layout=&#8221;dark&#8221; allow_player_pause=&#8221;off&#8221; text_border_radius=&#8221;3&#8243; header_font_select=&#8221;default&#8221; header_font=&#8221;|on||on|&#8221; body_font_select=&#8221;default&#8221; body_font=&#8221;||||&#8221; custom_button=&#8221;off&#8221; button_font_select=&#8221;default&#8221; button_font=&#8221;||||&#8221; button_use_icon=&#8221;default&#8221; button_icon_placement=&#8221;right&#8221; button_on_hover=&#8221;on&#8221; background_image=&#8221;http:\/\/amoveomundi.wpengine.com\/wp-content\/uploads\/2017\/02\/Home-1.jpg&#8221; header_font_size=&#8221;50&#8243; header_font_size_tablet=&#8221;52&#8243; header_font_size_phone=&#8221;52&#8243; button_bg_color=&#8221;rgba(12,113,195,0.36)&#8221; button_border_color_hover=&#8221;rgba(0,0,0,0)&#8221; bg_overlay_color=&#8221;rgba(0,0,0,0.28)&#8221; \/][et_pb_slide heading=&#8221;NUESTRA MISI\u00d3N ES REVELAR Y MANIFESTAR EL CIELO EN LA TIERRA. &#8221; background_position=&#8221;top_center&#8221; background_size=&#8221;cover&#8221; background_color=&#8221;#ffffff&#8221; use_bg_overlay=&#8221;off&#8221; use_text_overlay=&#8221;off&#8221; alignment=&#8221;bottom&#8221; background_layout=&#8221;dark&#8221; allow_player_pause=&#8221;off&#8221; text_border_radius=&#8221;2&#8243; header_font_select=&#8221;default&#8221; header_font=&#8221;|on||on|&#8221; body_font_select=&#8221;default&#8221; body_font=&#8221;||||&#8221; custom_button=&#8221;on&#8221; button_font_select=&#8221;default&#8221; button_font=&#8221;||||&#8221; button_use_icon=&#8221;default&#8221; button_icon_placement=&#8221;right&#8221; button_on_hover=&#8221;on&#8221; bg_overlay_color=&#8221;rgba(53,53,53,0.51)&#8221; header_font_size=&#8221;45&#8243; header_font_size_tablet=&#8221;30&#8243; header_font_size_phone=&#8221;30&#8243; header_text_color=&#8221;#ffffff&#8221; button_text=&#8221;\u00danete a nosotros &#8221; button_text_color=&#8221;#ffffff&#8221; button_bg_color=&#8221;rgba(12,113,195,0.36)&#8221; button_border_color=&#8221;rgba(255,255,255,0.73)&#8221; button_link=&#8221;http:\/\/amoveomundi.wpengine.com\/es\/unete-a-nosotros\/&#8221; background_image=&#8221;http:\/\/amoveomundi.wpengine.com\/wp-content\/uploads\/2017\/02\/iStock-531626414-Home.jpg&#8221; button_text_size=&#8221;30&#8243; button_text_size_tablet=&#8221;30&#8243; button_text_size_phone=&#8221;30&#8243; \/] [\/et_pb_fullwidth_slider][\/et_pb_section][et_pb_section bb_built=&#8221;1&#8243; fullwidth=&#8221;off&#8221; specialty=&#8221;off&#8221; transparent_background=&#8221;off&#8221; allow_player_pause=&#8221;off&#8221; inner_shadow=&#8221;off&#8221; parallax=&#8221;on&#8221; parallax_method=&#8221;off&#8221; padding_mobile=&#8221;off&#8221; make_fullwidth=&#8221;off&#8221; use_custom_width=&#8221;off&#8221; width_unit=&#8221;on&#8221; make_equal=&#8221;off&#8221; use_custom_gutter=&#8221;off&#8221; background_image=&#8221;http:\/\/amoveomundi.wpengine.com\/wp-content\/uploads\/2017\/01\/Back-G-L-Blue010.png&#8221; background_color=&#8221;rgba(1,183,135,0.15)&#8221;][et_pb_row background_position=&#8221;top_left&#8221; background_repeat=&#8221;repeat&#8221; background_size=&#8221;initial&#8221;][et_pb_column type=&#8221;4_4&#8243;][et_pb_text background_layout=&#8221;light&#8221; text_orientation=&#8221;center&#8221; use_border_color=&#8221;off&#8221; border_color=&#8221;#ffffff&#8221; border_style=&#8221;solid&#8221; background_position=&#8221;top_left&#8221; background_repeat=&#8221;repeat&#8221; background_size=&#8221;initial&#8221;]<\/p>\n<h2><span style=\"color: #808080;\"><strong>El Mundo Est\u00e1 Cambiando. \u00bfEn Qu\u00e9 Se Convertir\u00e1?<\/strong><\/span><\/h2>\n<h2><span style=\"color: #808080;\"><strong>\u00a0Amoveo Mundi sinifica \u201cYo cambio el mundo.\u201d<\/strong><\/span><\/h2>\n<p>&nbsp;<\/p>\n<p>En Amovevo Mundi creemos que tenemos la capacidad de decidir cu\u00e1l ser\u00e1 nuestro futuro. M\u00e1s que nunca, la humanidad tiene el poder y la responsabilidad de crear una sociedad de la que todos estar\u00edamos orgullosos y en la que quisi\u00e9ramos vivir.<\/p>\n<p>[\/et_pb_text][et_pb_button url_new_window=&#8221;off&#8221; button_text=&#8221;Conoce m\u00e1s &#8221; button_alignment=&#8221;center&#8221; background_layout=&#8221;dark&#8221; custom_button=&#8221;on&#8221; button_text_color=&#8221;#ffffff&#8221; button_bg_color=&#8221;rgba(76,171,229,0.55)&#8221; button_border_color=&#8221;#ffffff&#8221; button_letter_spacing=&#8221;0&#8243; button_use_icon=&#8221;default&#8221; button_icon_placement=&#8221;right&#8221; button_on_hover=&#8221;on&#8221; button_letter_spacing_hover=&#8221;0&#8243; saved_tabs=&#8221;all&#8221; button_text_size=&#8221;30&#8243; button_url=&#8221;http:\/\/amoveomundi.wpengine.com\/es\/acerca-de-nuestro-trabajo\/&#8221; \/][et_pb_text background_layout=&#8221;light&#8221; text_orientation=&#8221;center&#8221; use_border_color=&#8221;off&#8221; border_color=&#8221;#ffffff&#8221; border_style=&#8221;solid&#8221; background_position=&#8221;top_left&#8221; background_repeat=&#8221;repeat&#8221; background_size=&#8221;initial&#8221;]<\/p>\n<p class=\"normal\" style=\"margin-bottom: .0001pt; line-height: normal;\">Tambi\u00e9n creemos que estamos en medio de otra mejora humana, de crear una nueva sociedad humana. Este nuevo cambio requiere nuestra participaci\u00f3n activa y consciente en el proceso. En lugar de aguardar y tener esperanza en que todo vaya bien, debemos tomar decisiones conscientes, como especie y como sociedad, sobre c\u00f3mo exactamente queremos que funcione la nueva versi\u00f3n.<\/p>\n<p>[\/et_pb_text][\/et_pb_column][\/et_pb_row][\/et_pb_section][et_pb_section bb_built=&#8221;1&#8243; fullwidth=&#8221;off&#8221; specialty=&#8221;off&#8221; transparent_background=&#8221;off&#8221; background_color=&#8221;#4cabe5&#8243; allow_player_pause=&#8221;off&#8221; inner_shadow=&#8221;off&#8221; parallax=&#8221;on&#8221; parallax_method=&#8221;off&#8221; padding_mobile=&#8221;off&#8221; make_fullwidth=&#8221;off&#8221; use_custom_width=&#8221;off&#8221; width_unit=&#8221;on&#8221; make_equal=&#8221;off&#8221; use_custom_gutter=&#8221;off&#8221; background_image=&#8221;http:\/\/amoveomundi.wpengine.com\/wp-content\/uploads\/2017\/02\/Home-4.jpg&#8221;][et_pb_row make_fullwidth=&#8221;off&#8221; use_custom_width=&#8221;off&#8221; width_unit=&#8221;on&#8221; use_custom_gutter=&#8221;off&#8221; custom_padding=&#8221;5px||5px|&#8221; padding_mobile=&#8221;on&#8221; allow_player_pause=&#8221;off&#8221; parallax=&#8221;off&#8221; parallax_method=&#8221;off&#8221; make_equal=&#8221;off&#8221; parallax_1=&#8221;off&#8221; parallax_method_1=&#8221;off&#8221; column_padding_mobile=&#8221;on&#8221; background_position=&#8221;top_left&#8221; background_repeat=&#8221;repeat&#8221; background_size=&#8221;initial&#8221;][et_pb_column type=&#8221;4_4&#8243;][et_pb_text background_layout=&#8221;dark&#8221; text_orientation=&#8221;center&#8221; use_border_color=&#8221;off&#8221; border_color=&#8221;#ffffff&#8221; border_style=&#8221;solid&#8221; header_font=&#8221;|||on|&#8221; background_position=&#8221;top_left&#8221; background_repeat=&#8221;repeat&#8221; background_size=&#8221;initial&#8221;]<\/p>\n<h4><strong>\u00a1DONA AHORA Y AY\u00daDANOS A CAMBIAR EL MUNDO!<\/strong><\/h4>\n<p>[\/et_pb_text][et_pb_button url_new_window=&#8221;off&#8221; button_text=&#8221;DONA AHORA &#8221; button_alignment=&#8221;center&#8221; background_layout=&#8221;dark&#8221; custom_button=&#8221;on&#8221; button_bg_color=&#8221;rgba(157,216,101,0.84)&#8221; button_border_color=&#8221;#ffffff&#8221; button_letter_spacing=&#8221;0&#8243; button_use_icon=&#8221;default&#8221; button_icon_placement=&#8221;right&#8221; button_on_hover=&#8221;on&#8221; button_letter_spacing_hover=&#8221;0&#8243; button_border_radius_hover=&#8221;1&#8243; button_border_radius=&#8221;1&#8243; button_url=&#8221;http:\/\/amoveomundi.wpengine.com\/stripe-payment-terminal\/&#8221; button_text_size=&#8221;40&#8243; button_font=&#8221;|on||on|&#8221; saved_tabs=&#8221;all&#8221;]<br \/>\n[\/et_pb_button][et_pb_divider color=&#8221;#ffffff&#8221; show_divider=&#8221;off&#8221; divider_style=&#8221;solid&#8221; divider_position=&#8221;top&#8221; hide_on_mobile=&#8221;on&#8221;]<br \/>\n[\/et_pb_divider][\/et_pb_column][\/et_pb_row][et_pb_row make_fullwidth=&#8221;on&#8221; use_custom_width=&#8221;off&#8221; width_unit=&#8221;on&#8221; use_custom_gutter=&#8221;off&#8221; padding_mobile=&#8221;off&#8221; allow_player_pause=&#8221;off&#8221; parallax=&#8221;off&#8221; parallax_method=&#8221;off&#8221; make_equal=&#8221;off&#8221; parallax_1=&#8221;off&#8221; parallax_method_1=&#8221;off&#8221; parallax_2=&#8221;off&#8221; parallax_method_2=&#8221;off&#8221; column_padding_mobile=&#8221;on&#8221; background_position=&#8221;top_left&#8221; background_repeat=&#8221;repeat&#8221; background_size=&#8221;initial&#8221;][et_pb_column type=&#8221;1_2&#8243;][et_pb_toggle title=&#8221;\u00bfQu\u00e9 significa Amoveo Mundi?&#8221; open=&#8221;off&#8221; use_border_color=&#8221;on&#8221; border_style=&#8221;solid&#8221; open_toggle_background_color=&#8221;rgba(12,113,195,0.36)&#8221; open_toggle_text_color=&#8221;#ffffff&#8221; closed_toggle_background_color=&#8221;rgba(12,113,195,0.27)&#8221; closed_toggle_text_color=&#8221;#ffffff&#8221; icon_color=&#8221;#ffffff&#8221; body_text_color=&#8221;#ffffff&#8221; title_font_size=&#8221;19&#8243; title_font=&#8221;|on||on|&#8221; body_font_size=&#8221;18&#8243; body_font=&#8221;Roboto||||&#8221; background_position=&#8221;top_left&#8221; background_repeat=&#8221;repeat&#8221; background_size=&#8221;initial&#8221; _builder_version=&#8221;3.0.53&#8243;]<\/p>\n<p>AMOVEO MUNDI en lat\u00edn significa &#8220;Yo cambio el mundo.&#8221; Como agentes de cambio, si cada uno de nosotros hacemos nuestro trabajo (\u00a1nuestro prop\u00f3sito!) para cambiar el mundo, entonces en conjunto, el mundo cambia. Llegamos al nombre de manera intuitiva con los miembros de nuestro equipo de liderazgo, con la ayuda de Martin Rutte, fundador de <a href=\"http:\/\/projectheavenonearth.com\/homepage\" target=\"_blank\" rel=\"noopener noreferrer\">Proyecto Cielo en la Tierra.<\/a> Elegimos el Lat\u00edn, un idioma ra\u00edz, en lugar de una lengua moderna hablada por una sola naci\u00f3n. El significado de la frase es que cada uno de nosotros tiene el poder de cambiar el mundo, si elegimos usarlo. Cuando un n\u00famero suficiente de nosotros usemos ese poder, el mundo se va a transformar.<\/p>\n<p>[\/et_pb_toggle][\/et_pb_column][et_pb_column type=&#8221;1_2&#8243;][et_pb_toggle title=&#8221;\u00a1S\u00c9 PARTE DEL PROYECTO M\u00c1S GRANDE DE NUESTROS TIEMPOS!&#8221; open=&#8221;off&#8221; use_border_color=&#8221;on&#8221; border_color=&#8221;#ffffff&#8221; border_style=&#8221;solid&#8221; open_toggle_background_color=&#8221;rgba(12,113,195,0.36)&#8221; open_toggle_text_color=&#8221;#ffffff&#8221; closed_toggle_background_color=&#8221;rgba(12,113,195,0.27)&#8221; closed_toggle_text_color=&#8221;#ffffff&#8221; icon_color=&#8221;#ffffff&#8221; body_text_color=&#8221;#ffffff&#8221; title_font_size=&#8221;19&#8243; title_font=&#8221;|on||on|&#8221; body_font_size=&#8221;18&#8243; body_font=&#8221;Roboto||||&#8221; background_position=&#8221;top_left&#8221; background_repeat=&#8221;repeat&#8221; background_size=&#8221;initial&#8221;]<\/p>\n<p>Como agente de cambio, tu participaci\u00f3n en Amoveo Mundi y sus proyectos te dan una forma muy directa a tener un impacto a escala global. Hay muchas maneras de participar. \u00a1Elige el que tenga un prop\u00f3sito para ti! <a href=\"https:\/\/amoveomundi.org\/es\/unete-a-nosotros\/\">\u00danete a nosotros. <\/a><\/p>\n<p>[\/et_pb_toggle][\/et_pb_column][\/et_pb_row][et_pb_row make_fullwidth=&#8221;on&#8221; use_custom_width=&#8221;off&#8221; width_unit=&#8221;on&#8221; use_custom_gutter=&#8221;off&#8221; padding_mobile=&#8221;off&#8221; allow_player_pause=&#8221;off&#8221; parallax=&#8221;off&#8221; parallax_method=&#8221;off&#8221; make_equal=&#8221;off&#8221; parallax_1=&#8221;off&#8221; parallax_method_1=&#8221;off&#8221; parallax_2=&#8221;off&#8221; parallax_method_2=&#8221;off&#8221; column_padding_mobile=&#8221;on&#8221; background_position=&#8221;top_left&#8221; background_repeat=&#8221;repeat&#8221; background_size=&#8221;initial&#8221;][et_pb_column type=&#8221;1_2&#8243;][et_pb_toggle open=&#8221;off&#8221; use_border_color=&#8221;on&#8221; border_color=&#8221;#ffffff&#8221; border_style=&#8221;solid&#8221; open_toggle_background_color=&#8221;rgba(12,113,195,0.36)&#8221; open_toggle_text_color=&#8221;#ffffff&#8221; closed_toggle_background_color=&#8221;rgba(12,113,195,0.27)&#8221; closed_toggle_text_color=&#8221;#ffffff&#8221; icon_color=&#8221;#ffffff&#8221; body_text_color=&#8221;#ffffff&#8221; title_font_size=&#8221;19&#8243; title_font=&#8221;|on||on|&#8221; body_font_size=&#8221;18&#8243; body_font=&#8221;Roboto||||&#8221; title=&#8221;\u00bfQU\u00c9 SE ENTIENDE POR %22CIELO EN LA TIERRA%22?&#8221; background_position=&#8221;top_left&#8221; background_repeat=&#8221;repeat&#8221; background_size=&#8221;initial&#8221;]<\/p>\n<p>Nuestra misi\u00f3n es revelar y manifestar el Cielo en la Tierra. Con esto, queremos decir que invitaremos a todos a involucrarse para co-crear una visi\u00f3n compartida de la sociedad ideal que elegimos crear. En Amoveo Mundi creemos que tenemos la capacidad de decidir cu\u00e1l ser\u00e1 nuestro futuro. M\u00e1s que nunca, la humanidad tiene el poder y la responsabilidad de crear una sociedad de la que todos estar\u00edamos orgullosos y en la que quisi\u00e9ramos vivir.<\/p>\n<p>\u00bfRevelar\u00e1s el cielo en la tierra con nosotros? <a href=\"https:\/\/amoveomundi.wpengine.com\/es\/unete-a-nosotros\/\">\u00danete a nosotros<\/a>.<\/p>\n<p>[\/et_pb_toggle][\/et_pb_column][et_pb_column type=&#8221;1_2&#8243;][et_pb_toggle title=&#8221;OBSERVA NUESTRO TRABAJO EN ACCI\u00d3N&#8221; open=&#8221;off&#8221; use_border_color=&#8221;on&#8221; border_color=&#8221;#ffffff&#8221; border_style=&#8221;solid&#8221; open_toggle_background_color=&#8221;rgba(12,113,195,0.36)&#8221; open_toggle_text_color=&#8221;#ffffff&#8221; closed_toggle_background_color=&#8221;rgba(12,113,195,0.27)&#8221; closed_toggle_text_color=&#8221;#ffffff&#8221; icon_color=&#8221;#ffffff&#8221; body_text_color=&#8221;#ffffff&#8221; title_font_size=&#8221;19&#8243; title_font=&#8221;|on||on|&#8221; body_font_size=&#8221;18&#8243; body_font=&#8221;Roboto||||&#8221; background_position=&#8221;top_left&#8221; background_repeat=&#8221;repeat&#8221; background_size=&#8221;initial&#8221;]<\/p>\n<p><iframe loading=\"lazy\" width=\"1080\" height=\"608\" src=\"https:\/\/www.youtube.com\/embed\/th97YkyfjFY?feature=oembed\" frameborder=\"0\" allowfullscreen><\/iframe><\/p>\n<p>[\/et_pb_toggle][\/et_pb_column][\/et_pb_row][et_pb_row make_fullwidth=&#8221;on&#8221; use_custom_width=&#8221;off&#8221; width_unit=&#8221;on&#8221; use_custom_gutter=&#8221;off&#8221; padding_mobile=&#8221;off&#8221; allow_player_pause=&#8221;off&#8221; parallax=&#8221;off&#8221; parallax_method=&#8221;off&#8221; make_equal=&#8221;off&#8221; parallax_1=&#8221;off&#8221; parallax_method_1=&#8221;off&#8221; parallax_2=&#8221;off&#8221; parallax_method_2=&#8221;off&#8221; column_padding_mobile=&#8221;on&#8221; background_position=&#8221;top_left&#8221; background_repeat=&#8221;repeat&#8221; background_size=&#8221;initial&#8221;][et_pb_column type=&#8221;1_2&#8243;][et_pb_toggle title=&#8221;ORGANIZA UN TALLER DE TRUE PURPOSE\u00ae (PROP\u00d3SITO VERDADERO)&#8221; open=&#8221;off&#8221; use_border_color=&#8221;on&#8221; border_color=&#8221;#ffffff&#8221; border_style=&#8221;solid&#8221; open_toggle_background_color=&#8221;rgba(12,113,195,0.36)&#8221; open_toggle_text_color=&#8221;#ffffff&#8221; closed_toggle_background_color=&#8221;rgba(12,113,195,0.27)&#8221; closed_toggle_text_color=&#8221;#ffffff&#8221; icon_color=&#8221;#ffffff&#8221; body_text_color=&#8221;#ffffff&#8221; title_font_size=&#8221;19&#8243; title_font=&#8221;|on||on|&#8221; body_font_size=&#8221;18&#8243; body_font=&#8221;Roboto||||&#8221; background_position=&#8221;top_left&#8221; background_repeat=&#8221;repeat&#8221; background_size=&#8221;initial&#8221;]<\/p>\n<p>\u00bfTe gustar\u00eda encontrar tu prop\u00f3sito superior personal o el prop\u00f3sito superior de tu organizaci\u00f3n, comunidad, instituci\u00f3n o pa\u00eds? <a href=\"https:\/\/amoveomundi.org\/es\/contactanos\/\">Cont\u00e1ctanos <\/a>para m\u00e1s detalles acerca de la organizaci\u00f3n de un taller True Purpose\u00ae<\/p>\n<p>[\/et_pb_toggle][\/et_pb_column][et_pb_column type=&#8221;1_2&#8243;][et_pb_toggle title=&#8221;\u00bfES AMOVEO MUNDI UNA ORGANIZACI\u00d3N RELIGIOSA?&#8221; open=&#8221;off&#8221; use_border_color=&#8221;on&#8221; border_color=&#8221;#ffffff&#8221; border_style=&#8221;solid&#8221; open_toggle_background_color=&#8221;rgba(12,113,195,0.36)&#8221; open_toggle_text_color=&#8221;#ffffff&#8221; closed_toggle_background_color=&#8221;rgba(12,113,195,0.27)&#8221; closed_toggle_text_color=&#8221;#ffffff&#8221; icon_color=&#8221;#ffffff&#8221; body_text_color=&#8221;#ffffff&#8221; title_font_size=&#8221;19&#8243; title_font=&#8221;|on||on|&#8221; body_font_size=&#8221;18&#8243; body_font=&#8221;Roboto||||&#8221; background_position=&#8221;top_left&#8221; background_repeat=&#8221;repeat&#8221; background_size=&#8221;initial&#8221;]<\/p>\n<p>Amoveo Mundi trabaja con, reconoce y honra a todos los grupos religiosos. Sin embargo, no nos identificamos como religiosos ni trabajamos espec\u00edficamente con grupos de fe. \u00a1Trabajamos con toda la humanidad y toda instituci\u00f3n humana! Y este trabajo requiere la colaboraci\u00f3n de todas las partes interesadas: todos los credos, gobiernos, empresas y personas \u00fanicas como sea posible. <a href=\"https:\/\/amoveomundi.wpengine.com\/es\/acerca-de-nuestro-trabajo\/\">Conoce m\u00e1s.\u00a0<\/a><\/p>\n<p>[\/et_pb_toggle][\/et_pb_column][\/et_pb_row][\/et_pb_section]<\/p>\n","protected":false},"excerpt":{"rendered":"<p>[et_pb_section bb_built=&#8221;1&#8243; fullwidth=&#8221;on&#8221; specialty=&#8221;off&#8221;][et_pb_fullwidth_slider show_arrows=&#8221;on&#8221; show_pagination=&#8221;on&#8221; auto=&#8221;on&#8221; auto_ignore_hover=&#8221;on&#8221; parallax=&#8221;on&#8221; parallax_method=&#8221;off&#8221; remove_inner_shadow=&#8221;on&#8221; background_position=&#8221;default&#8221; background_size=&#8221;default&#8221; hide_content_on_mobile=&#8221;off&#8221; hide_cta_on_mobile=&#8221;off&#8221; show_image_video_mobile=&#8221;off&#8221; custom_button=&#8221;off&#8221; button_letter_spacing=&#8221;0&#8243; button_use_icon=&#8221;default&#8221; button_icon_placement=&#8221;right&#8221; button_on_hover=&#8221;on&#8221; button_letter_spacing_hover=&#8221;0&#8243; auto_speed=&#8221;3800&#8243; top_padding=&#8221;180px&#8221; bottom_padding=&#8221;220px&#8221;] [et_pb_slide heading=&#8221;EL MUNDO EST\u00c1 CAMBIANDO. \u00bfEN QU\u00c9 SE VA A CONVERTIR?&#8221; background_position=&#8221;bottom_center&#8221; background_size=&#8221;cover&#8221; background_color=&#8221;#ffffff&#8221; use_bg_overlay=&#8221;on&#8221; use_text_overlay=&#8221;off&#8221; alignment=&#8221;center&#8221; background_layout=&#8221;dark&#8221; allow_player_pause=&#8221;off&#8221; text_border_radius=&#8221;3&#8243; header_font_select=&#8221;default&#8221; header_font=&#8221;|on||on|&#8221; body_font_select=&#8221;default&#8221; body_font=&#8221;||||&#8221; custom_button=&#8221;off&#8221; button_font_select=&#8221;default&#8221; button_font=&#8221;||||&#8221; button_use_icon=&#8221;default&#8221; button_icon_placement=&#8221;right&#8221; button_on_hover=&#8221;on&#8221; [&hellip;]<\/p>\n","protected":false},"author":2,"featured_media":0,"parent":0,"menu_order":0,"comment_status":"closed","ping_status":"closed","template":"","meta":{"footnotes":""},"class_list":["post-1382","page","type-page","status-publish","hentry"],"_links":{"self":[{"href":"https:\/\/amoveomundi.org\/es\/wp-json\/wp\/v2\/pages\/1382","targetHints":{"allow":["GET"]}}],"collection":[{"href":"https:\/\/amoveomundi.org\/es\/wp-json\/wp\/v2\/pages"}],"about":[{"href":"https:\/\/amoveomundi.org\/es\/wp-json\/wp\/v2\/types\/page"}],"author":[{"embeddable":true,"href":"https:\/\/amoveomundi.org\/es\/wp-json\/wp\/v2\/users\/2"}],"replies":[{"embeddable":true,"href":"https:\/\/amoveomundi.org\/es\/wp-json\/wp\/v2\/comments?post=1382"}],"version-history":[{"count":0,"href":"https:\/\/amoveomundi.org\/es\/wp-json\/wp\/v2\/pages\/1382\/revisions"}],"wp:attachment":[{"href":"https:\/\/amoveomundi.org\/es\/wp-json\/wp\/v2\/media?parent=1382"}],"curies":[{"name":"wp","href":"https:\/\/api.w.org\/{rel}","templated":true}]}}